{"id":906,"date":"2018-04-27T18:21:53","date_gmt":"2018-04-27T18:21:53","guid":{"rendered":"https:\/\/www.imatexco.com\/nueva\/?page_id=906"},"modified":"2018-05-11T19:42:21","modified_gmt":"2018-05-11T19:42:21","slug":"maquinas-framis-2","status":"publish","type":"page","link":"https:\/\/www.imatexco.com\/vieja\/productos\/maquinas-framis-2\/","title":{"rendered":"M\u00e1quinas Framis"},"content":{"rendered":"<p>[vc_row full_width=\u00bbstretch_row_content_no_spaces\u00bb parallax=\u00bbcontent-moving-fade\u00bb el_class=\u00bbcontainer-fluid\u00bb css=\u00bb.vc_custom_1524797399747{background-color: #9c151b !important;}\u00bb][vc_column][vc_column_text]<\/p>\n<div style=\"background-color: #fff; padding: 20px;\">\n<p style=\"text-align: center;\"><span style=\"font-size: 28pt;\"><em><span style=\"color: #b64c4f; font-family: 'Source Sans Pro', sans-serif; font-weight: bold;\">M\u00e1quinas Framis<\/span><\/em><\/span><\/p>\n<div class=\" top\" style=\"background: #4a4f55; height: 2px; width: 200px; margin: auto;\"><\/div>\n<\/div>\n<p>[\/vc_column_text][\/vc_column][\/vc_row][vc_row css=\u00bb.vc_custom_1484324087650{margin-top: 20px !important;}\u00bb][vc_column][vc_column_text]<\/p>\n<p style=\"font-family: 'Source Sans Pro'; text-align: center;\"><span style=\"font-family: 'Source Sans Pro', Sans-serif; font-weight: 900; font-size: 18pt; color: #2b5f79;\"><br \/>\nM\u00c1QUINA DE UNI\u00d3N . NOSO MX 212<br \/>\n<\/span><\/p>\n<p>[\/vc_column_text][\/vc_column][\/vc_row][vc_row css=\u00bb.vc_custom_1484324087650{margin-top: 20px !important;}\u00bb][vc_column width=\u00bb1\/4&#8243;][\/vc_column][vc_column width=\u00bb1\/4&#8243;][vc_single_image image=\u00bb907&#8243; img_size=\u00bbfull\u00bb alignment=\u00bbcenter\u00bb][vc_btn title=\u00bbVer producto\u00bb color=\u00bbinfo\u00bb align=\u00bbcenter\u00bb link=\u00bburl:https%3A%2F%2Fwww.imatexco.com%2Fproductos%2Fmaquinas-framis-2%2Fmaquina-de-union-noso-mx-212%2F|||\u00bb][\/vc_column][vc_column width=\u00bb1\/4&#8243;][vc_column_text][\/vc_column_text][vc_column_text]<\/p>\n<p style=\"margin-top: 0%; text-align: left;\"><span style=\"font-size: 13pt; font-family: 'Source Sans Pro', Sans-serif; font-weight: 200; color: #000;\"><strong>MATERIALES APLICABLES:<\/strong><\/span><\/p>\n<p style=\"margin-top: 0%; text-align: left;\"><span style=\"font-size: 13pt; font-family: 'Source Sans Pro', Sans-serif; font-weight: 200; color: #000;\"><em>Tela, Cuero, Papel, Madera, Bamb\u00fa, Plexigl\u00e1s, Vidrio, Acero inoxidable, Acero al Carbono.<\/em><\/span><\/p>\n<p>[\/vc_column_text][vc_column_text]<\/p>\n<p style=\"margin-top: 0%; text-align: left;\"><span style=\"font-size: 13pt; font-family: 'Source Sans Pro', Sans-serif; font-weight: 200; color: #000;\"><strong>DESCRIPCI\u00d3N DEL PRODUCTO:<\/strong><\/span><\/p>\n<p style=\"margin-top: 0%; text-align: left;\"><span style=\"font-size: 13pt; font-family: 'Source Sans Pro', Sans-serif; font-weight: 200; color: #000;\"><em>M\u00e1quina para unir dos telas. La cinta adhesiva tiene que haber sido aplicada al borde de una previamente (con NOSO MX 204 &#8211; corte en el borde &#8211; o con NOSO MX 210 soldadura y doblez). La m\u00e1quina est\u00e1 equipada con un calentador y una boquilla adicional para calentar la parte i nferior en forma de hoja para mayor eficacia. El prop\u00f3sito de esta m\u00e1quina es eliminar el largo paso de presi\u00f3n para la fusi\u00f3n.<\/em><\/span><\/p>\n<p>[\/vc_column_text][\/vc_column][vc_column width=\u00bb1\/4&#8243;][\/vc_column][\/vc_row][vc_row css=\u00bb.vc_custom_1484324087650{margin-top: 20px !important;}\u00bb][vc_column width=\u00bb1\/3&#8243;][\/vc_column][vc_column width=\u00bb1\/3&#8243;][\/vc_column][vc_column width=\u00bb1\/3&#8243;][\/vc_column][\/vc_row][vc_row css=\u00bb.vc_custom_1484335395470{margin-top: 50px !important;margin-bottom: 50px !important;}\u00bb][vc_column][vc_row_inner][vc_column_inner][vc_column_text]<\/p>\n<p style=\"font-family: 'Source Sans Pro'; text-align: center;\"><span style=\"font-family: 'Source Sans Pro', Sans-serif; font-weight: 900; font-size: 18pt; color: #2b5f79;\"><br \/>\n<em>MAQUINA PLEGADORA . NOSO MX 211<\/em><br \/>\n<\/span><\/p>\n<p>[\/vc_column_text][\/vc_column_inner][\/vc_row_inner][vc_row_inner][vc_column_inner width=\u00bb1\/4&#8243;][\/vc_column_inner][vc_column_inner width=\u00bb1\/4&#8243;][vc_single_image image=\u00bb910&#8243; img_size=\u00bbfull\u00bb alignment=\u00bbcenter\u00bb][vc_btn title=\u00bbVer producto\u00bb color=\u00bbinfo\u00bb align=\u00bbcenter\u00bb link=\u00bburl:https%3A%2F%2Fwww.imatexco.com%2Fproductos%2Fmaquinas-framis-2%2Fmaquina-plegadora-noso-mx-211%2F|title:Cerrar%20Introduce%20la%20URL%20de%20destino%20%20URL%20%20%20https%3A%2F%2Fwww.imatexco.com%2Fproductos%2Fmaquinas-framis%2Fmaquina-plegadora-noso-mx-211%2F%20Texto%20del%20enlace%20||\u00bb][\/vc_column_inner][vc_column_inner width=\u00bb1\/4&#8243;][vc_column_text][\/vc_column_text][vc_column_text]<\/p>\n<p style=\"margin-top: 0%; text-align: left;\"><span style=\"font-size: 13pt; font-family: 'Source Sans Pro', Sans-serif; font-weight: 200; color: #000;\"><strong>MATERIALES APLICABLES:<\/strong><\/span><\/p>\n<p style=\"margin-top: 0%; text-align: left;\"><span style=\"font-size: 13pt; font-family: 'Source Sans Pro', Sans-serif; font-weight: 200; color: #000;\"><em>Tela, Cuero, Papel, Madera, Bamb\u00fa, Plexigl\u00e1s, Vidrio, Acero inoxidable, Acero al Carbono.<\/em><\/span><\/p>\n<p>[\/vc_column_text][vc_column_text]<\/p>\n<p style=\"margin-top: 0%; text-align: left;\"><span style=\"font-size: 13pt; font-family: 'Source Sans Pro', Sans-serif; font-weight: 200; color: #000;\"><strong>DESCRIPCI\u00d3N DEL PRODUCTO:<\/strong><\/span><\/p>\n<p style=\"margin-top: 0%; text-align: left;\"><span style=\"font-size: 13pt; font-family: 'Source Sans Pro', Sans-serif; font-weight: 200; color: #000;\"><em>M\u00e1quina para plegar el borde de una tela a la que una cinta de adhesi\u00f3n de doble cara ya ha sido adherida a la tela en un paso anterior (con NOSO MX 204 &#8211; corte en el borde &#8211; o con NOSO MX 210 &#8211; soldadura y doblez).<br \/>\nEl prop\u00f3sito de la m\u00e1quina es eliminar la larga etapa de presi\u00f3n para realizar la fusi\u00f3n<\/em><\/span><\/p>\n<p>[\/vc_column_text][\/vc_column_inner][vc_column_inner width=\u00bb1\/4&#8243;][\/vc_column_inner][\/vc_row_inner][vc_row_inner][vc_column_inner width=\u00bb1\/3&#8243;][\/vc_column_inner][vc_column_inner width=\u00bb1\/3&#8243;][\/vc_column_inner][vc_column_inner width=\u00bb1\/3&#8243;][\/vc_column_inner][\/vc_row_inner][\/vc_column][\/vc_row][vc_row css=\u00bb.vc_custom_1484335395470{margin-top: 50px !important;margin-bottom: 50px !important;}\u00bb][vc_column][vc_row_inner][vc_column_inner][vc_column_text]<\/p>\n<p style=\"font-family: 'Source Sans Pro'; text-align: center;\"><span style=\"font-family: 'Source Sans Pro', Sans-serif; font-weight: 900; font-size: 18pt; color: #2b5f79;\"><br \/>\n<em>SOLDADURA Y DOBLEZ. NOSO MX 210<\/em><br \/>\n<\/span><\/p>\n<p>[\/vc_column_text][\/vc_column_inner][\/vc_row_inner][vc_row_inner][vc_column_inner width=\u00bb1\/4&#8243;][\/vc_column_inner][vc_column_inner width=\u00bb1\/4&#8243;][vc_single_image image=\u00bb1079&#8243; img_size=\u00bbfull\u00bb alignment=\u00bbcenter\u00bb][vc_btn title=\u00bbVer producto\u00bb color=\u00bbinfo\u00bb align=\u00bbcenter\u00bb link=\u00bburl:https%3A%2F%2Fwww.imatexco.com%2Fproductos%2Fmaquinas-framis-2%2Fsoldadura-y-doblez-noso-mx-210%2F|||\u00bb][\/vc_column_inner][vc_column_inner width=\u00bb1\/4&#8243;][vc_column_text][\/vc_column_text][vc_column_text]<\/p>\n<p style=\"margin-top: 0%; text-align: left;\"><span style=\"font-size: 13pt; font-family: 'Source Sans Pro', Sans-serif; font-weight: 200; color: #000;\"><strong>MATERIALES APLICABLES:<\/strong><\/span><\/p>\n<p style=\"margin-top: 0%; text-align: left;\"><span style=\"font-size: 13pt; font-family: 'Source Sans Pro', Sans-serif; font-weight: 200; color: #000;\"><em>Tela, Cuero, Papel, Madera, Bamb\u00fa, Plexigl\u00e1s, Vidrio, Acero inoxidable, Acero al Carbono.<\/em><\/span><\/p>\n<p>[\/vc_column_text][vc_column_text]<\/p>\n<p style=\"margin-top: 0%; text-align: left;\"><span style=\"font-size: 13pt; font-family: 'Source Sans Pro', Sans-serif; font-weight: 200; color: #000;\"><strong>DESCRIPCI\u00d3N DEL PRODUCTO:<\/strong><\/span><\/p>\n<p style=\"margin-top: 0%; text-align: left;\"><span style=\"font-size: 13pt; font-family: 'Source Sans Pro', Sans-serif; font-weight: 200; color: #000;\"><em>M\u00e1quina para hacer doblez de bordes en una sola operaci\u00f3n, ideal para bordes bien acabados en telas que se deshilachan con facilidad.<br \/>\nLa m\u00e1quina est\u00e1 equipada con un tensor electr\u00f3nico de cinta.<\/em><\/span><\/p>\n<p>[\/vc_column_text][\/vc_column_inner][vc_column_inner width=\u00bb1\/4&#8243;][\/vc_column_inner][\/vc_row_inner][vc_row_inner][vc_column_inner width=\u00bb1\/3&#8243;][\/vc_column_inner][vc_column_inner width=\u00bb1\/3&#8243;][\/vc_column_inner][vc_column_inner width=\u00bb1\/3&#8243;][\/vc_column_inner][\/vc_row_inner][\/vc_column][\/vc_row][vc_row css=\u00bb.vc_custom_1484335395470{margin-top: 50px !important;margin-bottom: 50px !important;}\u00bb][vc_column][vc_row_inner][vc_column_inner][vc_column_text]<\/p>\n<p style=\"font-family: 'Source Sans Pro'; text-align: center;\"><span style=\"font-family: 'Source Sans Pro', Sans-serif; font-weight: 900; font-size: 18pt; color: #2b5f79;\"><br \/>\n<em>SOLDADURA Y CORTE &#8211; corte en el borde . NOSO MX204<\/em><br \/>\n<\/span><\/p>\n<p>[\/vc_column_text][\/vc_column_inner][\/vc_row_inner][vc_row_inner][vc_column_inner width=\u00bb1\/4&#8243;][\/vc_column_inner][vc_column_inner width=\u00bb1\/4&#8243;][vc_single_image image=\u00bb911&#8243; img_size=\u00bbfull\u00bb alignment=\u00bbcenter\u00bb][vc_btn title=\u00bbVer producto\u00bb color=\u00bbinfo\u00bb align=\u00bbcenter\u00bb link=\u00bburl:https%3A%2F%2Fwww.imatexco.com%2Fproductos%2Fmaquinas-framis-2%2Fsoldadura-y-corte-corte-en-el-borde-noso-mx204%2F|||\u00bb][\/vc_column_inner][vc_column_inner width=\u00bb1\/4&#8243;][vc_column_text]<\/p>\n<p style=\"margin-top: 0%; text-align: left;\"><span style=\"font-size: 13pt; font-family: 'Source Sans Pro', Sans-serif; font-weight: 200; color: #000;\"><strong>MATERIALES APLICABLES:<\/strong><\/span><\/p>\n<p style=\"margin-top: 0%; text-align: left;\"><span style=\"font-size: 13pt; font-family: 'Source Sans Pro', Sans-serif; font-weight: 200; color: #000;\"><em>Tela, Cuero, Papel, Madera, Bamb\u00fa, Plexigl\u00e1s, Vidrio, Acero inoxidable, Acero al Carbono.<\/em><\/span><\/p>\n<p>[\/vc_column_text][vc_column_text]<\/p>\n<p style=\"margin-top: 0%; text-align: left;\"><span style=\"font-size: 13pt; font-family: 'Source Sans Pro', Sans-serif; font-weight: 200; color: #000;\"><strong>DESCRIPCI\u00d3N DEL PRODUCTO:<\/strong><\/span><\/p>\n<p style=\"margin-top: 0%; text-align: left;\"><span style=\"font-size: 13pt; font-family: 'Source Sans Pro', Sans-serif; font-weight: 200; color: #000;\"><em>M\u00e1quina para aplicar la cinta hasta el borde y recortar cualquier exceso de tela.<br \/>\nEst\u00e1 equipada adem\u00e1s con un tensor electr\u00f3nico para la cint<\/em><\/span><\/p>\n<p>CARACTER\u00cdSTICAS DE LA M\u00c1QUINA<br \/>\nF\u00e1cil manejo con sistema de bloqueo.<br \/>\nRegulaci\u00f3n electr\u00f3nica de tensi\u00f3n de la cinta.<\/p>\n<p>[\/vc_column_text][\/vc_column_inner][vc_column_inner width=\u00bb1\/4&#8243;][\/vc_column_inner][\/vc_row_inner][vc_row_inner][vc_column_inner width=\u00bb1\/3&#8243;][\/vc_column_inner][vc_column_inner width=\u00bb1\/3&#8243;][\/vc_column_inner][vc_column_inner width=\u00bb1\/3&#8243;][\/vc_column_inner][\/vc_row_inner][\/vc_column][\/vc_row][vc_row css=\u00bb.vc_custom_1484335395470{margin-top: 50px !important;margin-bottom: 50px !important;}\u00bb][vc_column][vc_row_inner][vc_column_inner][vc_column_text]<\/p>\n<p style=\"font-family: 'Source Sans Pro'; text-align: center;\"><span style=\"font-family: 'Source Sans Pro', Sans-serif; font-weight: 900; font-size: 18pt; color: #2b5f79;\"><br \/>\n<em>MAQUINA ENCINTADO DE ALTA PRESI\u00d3N. NOSO MX 20<\/em><br \/>\n<\/span><\/p>\n<p>[\/vc_column_text][\/vc_column_inner][\/vc_row_inner][vc_row_inner][vc_column_inner width=\u00bb1\/4&#8243;][\/vc_column_inner][vc_column_inner width=\u00bb1\/4&#8243;][vc_single_image image=\u00bb912&#8243; img_size=\u00bbfull\u00bb alignment=\u00bbcenter\u00bb][vc_btn title=\u00bbVer producto\u00bb color=\u00bbinfo\u00bb align=\u00bbcenter\u00bb link=\u00bburl:https%3A%2F%2Fwww.imatexco.com%2Fproductos%2Fmaquinas-framis-2%2Fmaquina-encintado-de-alta-presion-noso-mx-20%2F|||\u00bb][\/vc_column_inner][vc_column_inner width=\u00bb1\/4&#8243;][vc_column_text]<\/p>\n<p style=\"margin-top: 0%; text-align: left;\"><span style=\"font-size: 13pt; font-family: 'Source Sans Pro', Sans-serif; font-weight: 200; color: #000;\"><strong>MATERIALES APLICABLES:<\/strong><\/span><\/p>\n<p style=\"margin-top: 0%; text-align: left;\"><span style=\"font-size: 13pt; font-family: 'Source Sans Pro', Sans-serif; font-weight: 200; color: #000;\"><em>Tela, Cuero, Papel, Madera, Bamb\u00fa, Plexigl\u00e1s, Vidrio, Acero inoxidable, Acero al Carbono.<\/em><\/span><\/p>\n<p>[\/vc_column_text][vc_column_text]<\/p>\n<p style=\"margin-top: 0%; text-align: left;\"><span style=\"font-size: 13pt; font-family: 'Source Sans Pro', Sans-serif; font-weight: 200; color: #000;\"><strong>DESCRIPCI\u00d3N DEL PRODUCTO:<\/strong><\/span><\/p>\n<p style=\"margin-top: 0%; text-align: left;\"><span style=\"font-size: 13pt; font-family: 'Source Sans Pro', Sans-serif; font-weight: 200; color: #000;\"><em>Maquina con rodillo superior motorizado y con presi\u00f3n de hasta 35 kg para la adhesi\u00f3n de la cinta o impermeabilizaci\u00f3n en telas muy gruesas y costuras superpuesta.<\/em><\/span><\/p>\n<p>CARACTER\u00cdSTICAS DE LA MAQUINA<br \/>\nPresi\u00f3n de hasta 35 kg. Con excelente adhesi\u00f3n y rendimiento de impermeabilizaci\u00f3n.[\/vc_column_text][\/vc_column_inner][vc_column_inner width=\u00bb1\/4&#8243;][\/vc_column_inner][\/vc_row_inner][vc_row_inner][vc_column_inner width=\u00bb1\/3&#8243;][\/vc_column_inner][vc_column_inner width=\u00bb1\/3&#8243;][\/vc_column_inner][vc_column_inner width=\u00bb1\/3&#8243;][\/vc_column_inner][\/vc_row_inner][\/vc_column][\/vc_row]<\/p>\n","protected":false},"excerpt":{"rendered":"<p>[vc_row full_width=\u00bbstretch_row_content_no_spaces\u00bb parallax=\u00bbcontent-moving-fade\u00bb el_class=\u00bbcontainer-fluid\u00bb css=\u00bb.vc_custom_1524797399747{background-color: #9c151b !important;}\u00bb][vc_column][vc_column_text] M\u00e1quinas Framis [\/vc_column_text][\/vc_column][\/vc_row][vc_row css=\u00bb.vc_custom_1484324087650{margin-top: 20px !important;}\u00bb][vc_column][vc_column_text] M\u00c1QUINA DE UNI\u00d3N . NOSO MX 212 [\/vc_column_text][\/vc_column][\/vc_row][vc_row css=\u00bb.vc_custom_1484324087650{margin-top: 20px !important;}\u00bb][vc_column width=\u00bb1\/4&#8243;][\/vc_column][vc_column width=\u00bb1\/4&#8243;][vc_single_image image=\u00bb907&#8243; img_size=\u00bbfull\u00bb alignment=\u00bbcenter\u00bb][vc_btn title=\u00bbVer producto\u00bb color=\u00bbinfo\u00bb align=\u00bbcenter\u00bb link=\u00bburl:https%3A%2F%2Fwww.imatexco.com%2Fproductos%2Fmaquinas-framis-2%2Fmaquina-de-union-noso-mx-212%2F|||\u00bb][\/vc_column][vc_column width=\u00bb1\/4&#8243;][vc_column_text][\/vc_column_text][vc_column_text] MATERIALES APLICABLES: Tela, Cuero, Papel, Madera, Bamb\u00fa, Plexigl\u00e1s, Vidrio, Acero inoxidable, Acero al Carbono. [\/vc_column_text][vc_column_text] DESCRIPCI\u00d3N DEL PRODUCTO: M\u00e1quina para [&hellip;]<\/p>\n","protected":false},"author":1,"featured_media":0,"parent":605,"menu_order":0,"comment_status":"closed","ping_status":"closed","template":"","meta":{"footnotes":""},"class_list":["post-906","page","type-page","status-publish","hentry"],"yoast_head":"<!-- This site is optimized with the Yoast SEO plugin v24.9 - https:\/\/yoast.com\/wordpress\/plugins\/seo\/ -->\n<title>M\u00e1quinas Framis - Imatexco<\/title>\n<meta name=\"robots\" content=\"index, follow, max-snippet:-1, max-image-preview:large, max-video-preview:-1\" \/>\n<link rel=\"canonical\" href=\"https:\/\/www.imatexco.com\/vieja\/productos\/maquinas-framis-2\/\" \/>\n<meta property=\"og:locale\" content=\"es_ES\" \/>\n<meta property=\"og:type\" content=\"article\" \/>\n<meta property=\"og:title\" content=\"M\u00e1quinas Framis - Imatexco\" \/>\n<meta property=\"og:description\" content=\"[vc_row full_width=\u00bbstretch_row_content_no_spaces\u00bb parallax=\u00bbcontent-moving-fade\u00bb el_class=\u00bbcontainer-fluid\u00bb css=\u00bb.vc_custom_1524797399747{background-color: #9c151b !important;}\u00bb][vc_column][vc_column_text] M\u00e1quinas Framis [\/vc_column_text][\/vc_column][\/vc_row][vc_row css=\u00bb.vc_custom_1484324087650{margin-top: 20px !important;}\u00bb][vc_column][vc_column_text] M\u00c1QUINA DE UNI\u00d3N . NOSO MX 212 [\/vc_column_text][\/vc_column][\/vc_row][vc_row css=\u00bb.vc_custom_1484324087650{margin-top: 20px !important;}\u00bb][vc_column width=\u00bb1\/4&#8243;][\/vc_column][vc_column width=\u00bb1\/4&#8243;][vc_single_image image=\u00bb907&#8243; img_size=\u00bbfull\u00bb alignment=\u00bbcenter\u00bb][vc_btn title=\u00bbVer producto\u00bb color=\u00bbinfo\u00bb align=\u00bbcenter\u00bb link=\u00bburl:https%3A%2F%2Fwww.imatexco.com%2Fproductos%2Fmaquinas-framis-2%2Fmaquina-de-union-noso-mx-212%2F|||\u00bb][\/vc_column][vc_column width=\u00bb1\/4&#8243;][vc_column_text][\/vc_column_text][vc_column_text] MATERIALES APLICABLES: Tela, Cuero, Papel, Madera, Bamb\u00fa, Plexigl\u00e1s, Vidrio, Acero inoxidable, Acero al Carbono. [\/vc_column_text][vc_column_text] DESCRIPCI\u00d3N DEL PRODUCTO: M\u00e1quina para [&hellip;]\" \/>\n<meta property=\"og:url\" content=\"https:\/\/www.imatexco.com\/vieja\/productos\/maquinas-framis-2\/\" \/>\n<meta property=\"og:site_name\" content=\"Imatexco\" \/>\n<meta property=\"article:modified_time\" content=\"2018-05-11T19:42:21+00:00\" \/>\n<meta name=\"twitter:card\" content=\"summary_large_image\" \/>\n<meta name=\"twitter:label1\" content=\"Tiempo de lectura\" \/>\n\t<meta name=\"twitter:data1\" content=\"6 minutos\" \/>\n<script type=\"application\/ld+json\" class=\"yoast-schema-graph\">{\"@context\":\"https:\/\/schema.org\",\"@graph\":[{\"@type\":\"WebPage\",\"@id\":\"https:\/\/www.imatexco.com\/vieja\/productos\/maquinas-framis-2\/\",\"url\":\"https:\/\/www.imatexco.com\/vieja\/productos\/maquinas-framis-2\/\",\"name\":\"M\u00e1quinas Framis - Imatexco\",\"isPartOf\":{\"@id\":\"https:\/\/www.imatexco.com\/vieja\/#website\"},\"datePublished\":\"2018-04-27T18:21:53+00:00\",\"dateModified\":\"2018-05-11T19:42:21+00:00\",\"breadcrumb\":{\"@id\":\"https:\/\/www.imatexco.com\/vieja\/productos\/maquinas-framis-2\/#breadcrumb\"},\"inLanguage\":\"es\",\"potentialAction\":[{\"@type\":\"ReadAction\",\"target\":[\"https:\/\/www.imatexco.com\/vieja\/productos\/maquinas-framis-2\/\"]}]},{\"@type\":\"BreadcrumbList\",\"@id\":\"https:\/\/www.imatexco.com\/vieja\/productos\/maquinas-framis-2\/#breadcrumb\",\"itemListElement\":[{\"@type\":\"ListItem\",\"position\":1,\"name\":\"Portada\",\"item\":\"https:\/\/www.imatexco.com\/vieja\/\"},{\"@type\":\"ListItem\",\"position\":2,\"name\":\"Productos\",\"item\":\"https:\/\/www.imatexco.com\/vieja\/productos\/\"},{\"@type\":\"ListItem\",\"position\":3,\"name\":\"M\u00e1quinas Framis\"}]},{\"@type\":\"WebSite\",\"@id\":\"https:\/\/www.imatexco.com\/vieja\/#website\",\"url\":\"https:\/\/www.imatexco.com\/vieja\/\",\"name\":\"Imatexco\",\"description\":\"Imatexco\",\"potentialAction\":[{\"@type\":\"SearchAction\",\"target\":{\"@type\":\"EntryPoint\",\"urlTemplate\":\"https:\/\/www.imatexco.com\/vieja\/?s={search_term_string}\"},\"query-input\":{\"@type\":\"PropertyValueSpecification\",\"valueRequired\":true,\"valueName\":\"search_term_string\"}}],\"inLanguage\":\"es\"}]}<\/script>\n<!-- \/ Yoast SEO plugin. -->","yoast_head_json":{"title":"M\u00e1quinas Framis - Imatexco","robots":{"index":"index","follow":"follow","max-snippet":"max-snippet:-1","max-image-preview":"max-image-preview:large","max-video-preview":"max-video-preview:-1"},"canonical":"https:\/\/www.imatexco.com\/vieja\/productos\/maquinas-framis-2\/","og_locale":"es_ES","og_type":"article","og_title":"M\u00e1quinas Framis - Imatexco","og_description":"[vc_row full_width=\u00bbstretch_row_content_no_spaces\u00bb parallax=\u00bbcontent-moving-fade\u00bb el_class=\u00bbcontainer-fluid\u00bb css=\u00bb.vc_custom_1524797399747{background-color: #9c151b !important;}\u00bb][vc_column][vc_column_text] M\u00e1quinas Framis [\/vc_column_text][\/vc_column][\/vc_row][vc_row css=\u00bb.vc_custom_1484324087650{margin-top: 20px !important;}\u00bb][vc_column][vc_column_text] M\u00c1QUINA DE UNI\u00d3N . NOSO MX 212 [\/vc_column_text][\/vc_column][\/vc_row][vc_row css=\u00bb.vc_custom_1484324087650{margin-top: 20px !important;}\u00bb][vc_column width=\u00bb1\/4&#8243;][\/vc_column][vc_column width=\u00bb1\/4&#8243;][vc_single_image image=\u00bb907&#8243; img_size=\u00bbfull\u00bb alignment=\u00bbcenter\u00bb][vc_btn title=\u00bbVer producto\u00bb color=\u00bbinfo\u00bb align=\u00bbcenter\u00bb link=\u00bburl:https%3A%2F%2Fwww.imatexco.com%2Fproductos%2Fmaquinas-framis-2%2Fmaquina-de-union-noso-mx-212%2F|||\u00bb][\/vc_column][vc_column width=\u00bb1\/4&#8243;][vc_column_text][\/vc_column_text][vc_column_text] MATERIALES APLICABLES: Tela, Cuero, Papel, Madera, Bamb\u00fa, Plexigl\u00e1s, Vidrio, Acero inoxidable, Acero al Carbono. [\/vc_column_text][vc_column_text] DESCRIPCI\u00d3N DEL PRODUCTO: M\u00e1quina para [&hellip;]","og_url":"https:\/\/www.imatexco.com\/vieja\/productos\/maquinas-framis-2\/","og_site_name":"Imatexco","article_modified_time":"2018-05-11T19:42:21+00:00","twitter_card":"summary_large_image","twitter_misc":{"Tiempo de lectura":"6 minutos"},"schema":{"@context":"https:\/\/schema.org","@graph":[{"@type":"WebPage","@id":"https:\/\/www.imatexco.com\/vieja\/productos\/maquinas-framis-2\/","url":"https:\/\/www.imatexco.com\/vieja\/productos\/maquinas-framis-2\/","name":"M\u00e1quinas Framis - Imatexco","isPartOf":{"@id":"https:\/\/www.imatexco.com\/vieja\/#website"},"datePublished":"2018-04-27T18:21:53+00:00","dateModified":"2018-05-11T19:42:21+00:00","breadcrumb":{"@id":"https:\/\/www.imatexco.com\/vieja\/productos\/maquinas-framis-2\/#breadcrumb"},"inLanguage":"es","potentialAction":[{"@type":"ReadAction","target":["https:\/\/www.imatexco.com\/vieja\/productos\/maquinas-framis-2\/"]}]},{"@type":"BreadcrumbList","@id":"https:\/\/www.imatexco.com\/vieja\/productos\/maquinas-framis-2\/#breadcrumb","itemListElement":[{"@type":"ListItem","position":1,"name":"Portada","item":"https:\/\/www.imatexco.com\/vieja\/"},{"@type":"ListItem","position":2,"name":"Productos","item":"https:\/\/www.imatexco.com\/vieja\/productos\/"},{"@type":"ListItem","position":3,"name":"M\u00e1quinas Framis"}]},{"@type":"WebSite","@id":"https:\/\/www.imatexco.com\/vieja\/#website","url":"https:\/\/www.imatexco.com\/vieja\/","name":"Imatexco","description":"Imatexco","potentialAction":[{"@type":"SearchAction","target":{"@type":"EntryPoint","urlTemplate":"https:\/\/www.imatexco.com\/vieja\/?s={search_term_string}"},"query-input":{"@type":"PropertyValueSpecification","valueRequired":true,"valueName":"search_term_string"}}],"inLanguage":"es"}]}},"_links":{"self":[{"href":"https:\/\/www.imatexco.com\/vieja\/wp-json\/wp\/v2\/pages\/906","targetHints":{"allow":["GET"]}}],"collection":[{"href":"https:\/\/www.imatexco.com\/vieja\/wp-json\/wp\/v2\/pages"}],"about":[{"href":"https:\/\/www.imatexco.com\/vieja\/wp-json\/wp\/v2\/types\/page"}],"author":[{"embeddable":true,"href":"https:\/\/www.imatexco.com\/vieja\/wp-json\/wp\/v2\/users\/1"}],"replies":[{"embeddable":true,"href":"https:\/\/www.imatexco.com\/vieja\/wp-json\/wp\/v2\/comments?post=906"}],"version-history":[{"count":0,"href":"https:\/\/www.imatexco.com\/vieja\/wp-json\/wp\/v2\/pages\/906\/revisions"}],"up":[{"embeddable":true,"href":"https:\/\/www.imatexco.com\/vieja\/wp-json\/wp\/v2\/pages\/605"}],"wp:attachment":[{"href":"https:\/\/www.imatexco.com\/vieja\/wp-json\/wp\/v2\/media?parent=906"}],"curies":[{"name":"wp","href":"https:\/\/api.w.org\/{rel}","templated":true}]}}