{"id":894,"date":"2018-04-27T17:50:45","date_gmt":"2018-04-27T17:50:45","guid":{"rendered":"https:\/\/www.imatexco.com\/nueva\/?page_id=894"},"modified":"2018-05-11T19:11:51","modified_gmt":"2018-05-11T19:11:51","slug":"maquinas-centrifugas","status":"publish","type":"page","link":"https:\/\/www.imatexco.com\/vieja\/productos\/maquinas-centrifugas\/","title":{"rendered":"M\u00e1quinas Centrifugas"},"content":{"rendered":"<p>[vc_row full_width=\u00bbstretch_row_content_no_spaces\u00bb parallax=\u00bbcontent-moving-fade\u00bb el_class=\u00bbcontainer-fluid\u00bb css=\u00bb.vc_custom_1524797399747{background-color: #9c151b !important;}\u00bb][vc_column][vc_column_text]<\/p>\n<div style=\"background-color: #fff; padding: 20px;\">\n<p style=\"text-align: center;\"><span style=\"font-size: 28pt;\"><em><span style=\"color: #b64c4f; font-family: 'Source Sans Pro', sans-serif; font-weight: bold;\">M\u00e1quinas Centrifugas<\/span><\/em><\/span><\/p>\n<div class=\" top\" style=\"background: #4a4f55; height: 2px; width: 200px; margin: auto;\"><\/div>\n<\/div>\n<p>[\/vc_column_text][\/vc_column][\/vc_row][vc_row css=\u00bb.vc_custom_1484324087650{margin-top: 20px !important;}\u00bb][vc_column][vc_column_text]<\/p>\n<p style=\"font-family: 'Source Sans Pro'; text-align: center;\"><span style=\"font-family: 'Source Sans Pro', Sans-serif; font-weight: 900; font-size: 18pt; color: #2b5f79;\"><br \/>\nMaquina centr\u00edfuga para procesos de terminaci\u00f3n<br \/>\n<\/span><\/p>\n<p>[\/vc_column_text][\/vc_column][\/vc_row][vc_row css=\u00bb.vc_custom_1484324087650{margin-top: 20px !important;}\u00bb][vc_column width=\u00bb1\/4&#8243;][\/vc_column][vc_column width=\u00bb1\/4&#8243;][vc_single_image image=\u00bb895&#8243; img_size=\u00bbfull\u00bb alignment=\u00bbcenter\u00bb][vc_btn title=\u00bbVer producto\u00bb color=\u00bbinfo\u00bb align=\u00bbcenter\u00bb link=\u00bburl:https%3A%2F%2Fwww.imatexco.com%2Fproductos%2Fmaquinas-centrifugas%2Fmaquina-centrifuga-para-procesos-de-terminacion%2F|||\u00bb][\/vc_column][vc_column width=\u00bb1\/4&#8243;][vc_column_text]<\/p>\n<div>\n<h2><span style=\"color: #9c151b;\"><strong>Serie: <span style=\"color: #000000; font-size: 18px;\">LDG50<\/span><\/strong><\/span><\/h2>\n<h2><span style=\"color: #9c151b;\"><strong>Modelos:<\/strong><\/span> <span style=\"color: #000000; font-size: 18px;\">LDG50A\/ LDG120\/ LDG230 <\/span><\/h2>\n<h2><span style=\"color: #9c151b;\"><strong>Marca:<\/strong><\/span> <span style=\"color: #000000; font-size: 18px;\">IMATEXCO<\/span><\/h2>\n<\/div>\n<p>[\/vc_column_text][vc_column_text]<\/p>\n<p style=\"margin-top: 0%; text-align: left;\"><span style=\"font-size: 13pt; font-family: 'Source Sans Pro', Sans-serif; font-weight: 200; color: #000;\"><strong>MATERIALES APLICABLES:<\/strong><\/span><\/p>\n<p style=\"margin-top: 0%; text-align: left;\"><span style=\"font-size: 13pt; font-family: 'Source Sans Pro', Sans-serif; font-weight: 200; color: #000;\"><em>Tela, Cuero, Papel, Madera, Bamb\u00fa, Plexigl\u00e1s, Vidrio, Acero inoxidable, Acero al Carbono.<\/em><\/span><\/p>\n<p>[\/vc_column_text][vc_column_text]<\/p>\n<p style=\"margin-top: 0%; text-align: left;\"><span style=\"font-size: 13pt; font-family: 'Source Sans Pro', Sans-serif; font-weight: 200; color: #000;\"><strong>DESCRIPCI\u00d3N DEL PRODUCTO:<\/strong><\/span><\/p>\n<p style=\"margin-top: 0%; text-align: left;\"><span style=\"font-size: 13pt; font-family: 'Source Sans Pro', Sans-serif; font-weight: 200; color: #000;\"><em>M\u00e1quina para proceso de terminaci\u00f3n, pulimento, brillo de piezas met\u00e1licas y otros materiales en general.<\/em><\/span><\/p>\n<p>[\/vc_column_text][\/vc_column][vc_column width=\u00bb1\/4&#8243;][\/vc_column][\/vc_row][vc_row css=\u00bb.vc_custom_1484324087650{margin-top: 20px !important;}\u00bb][vc_column width=\u00bb1\/3&#8243;][\/vc_column][vc_column width=\u00bb1\/3&#8243;][\/vc_column][vc_column width=\u00bb1\/3&#8243;][\/vc_column][\/vc_row][vc_row css=\u00bb.vc_custom_1484335395470{margin-top: 50px !important;margin-bottom: 50px !important;}\u00bb][vc_column][vc_row_inner][vc_column_inner][vc_column_text]<\/p>\n<p style=\"font-family: 'Source Sans Pro'; text-align: center;\"><span style=\"font-family: 'Source Sans Pro', Sans-serif; font-weight: 900; font-size: 18pt; color: #2b5f79;\"><br \/>\n<em>Maquina centr\u00edfuga auxiliar para proceso de secado<\/em><br \/>\n<\/span><\/p>\n<p>[\/vc_column_text][\/vc_column_inner][\/vc_row_inner][vc_row_inner][vc_column_inner width=\u00bb1\/4&#8243;][\/vc_column_inner][vc_column_inner width=\u00bb1\/4&#8243;][vc_single_image image=\u00bb898&#8243; img_size=\u00bbfull\u00bb alignment=\u00bbcenter\u00bb][vc_btn title=\u00bbVer producto\u00bb color=\u00bbinfo\u00bb align=\u00bbcenter\u00bb link=\u00bburl:https%3A%2F%2Fwww.imatexco.com%2Fproductos%2Fmaquinas-centrifugas%2Fmaquina-centrifuga-auxiliar-para-proceso-de-secado%2F|||\u00bb][\/vc_column_inner][vc_column_inner width=\u00bb1\/4&#8243;][vc_column_text]<\/p>\n<div>\n<h2><span style=\"color: #9c151b;\"><strong>Serie:<\/strong><\/span> <span style=\"color: #000000; font-size: 18px;\">IMLH400A <\/span><\/h2>\n<h2><span style=\"color: #9c151b;\"><strong>Modelos:<\/strong><\/span> <span style=\"color: #000000; font-size: 18px;\">IMLH500A<\/span><\/h2>\n<h2><span style=\"color: #9c151b;\"><strong>Marca:<\/strong><\/span><\/h2>\n<\/div>\n<p>[\/vc_column_text][vc_column_text]<\/p>\n<p style=\"margin-top: 0%; text-align: left;\"><span style=\"font-size: 13pt; font-family: 'Source Sans Pro', Sans-serif; font-weight: 200; color: #000;\"><strong>MATERIALES APLICABLES:<\/strong><\/span><\/p>\n<p style=\"margin-top: 0%; text-align: left;\"><span style=\"font-size: 13pt; font-family: 'Source Sans Pro', Sans-serif; font-weight: 200; color: #000;\"><em>Tela, Cuero, Papel, Madera, Bamb\u00fa, Plexigl\u00e1s, Vidrio, Acero inoxidable, Acero al Carbono.<\/em><\/span><\/p>\n<p>[\/vc_column_text][vc_column_text]<\/p>\n<p style=\"margin-top: 0%; text-align: left;\"><span style=\"font-size: 13pt; font-family: 'Source Sans Pro', Sans-serif; font-weight: 200; color: #000;\"><strong>DESCRIPCI\u00d3N DEL PRODUCTO:<\/strong><\/span><\/p>\n<p style=\"margin-top: 0%; text-align: left;\"><span style=\"font-size: 13pt; font-family: 'Source Sans Pro', Sans-serif; font-weight: 200; color: #000;\"><em>M\u00e1quina para proceso de secado de piezas met\u00e1licas y otros materiales en general. Con opci\u00f3n de diferentes dimensiones, y capacidad de carga.<\/em><\/span><\/p>\n<p>[\/vc_column_text][\/vc_column_inner][vc_column_inner width=\u00bb1\/4&#8243;][\/vc_column_inner][\/vc_row_inner][vc_row_inner][vc_column_inner width=\u00bb1\/3&#8243;][\/vc_column_inner][vc_column_inner width=\u00bb1\/3&#8243;][\/vc_column_inner][vc_column_inner width=\u00bb1\/3&#8243;][\/vc_column_inner][\/vc_row_inner][\/vc_column][\/vc_row]<\/p>\n","protected":false},"excerpt":{"rendered":"<p>[vc_row full_width=\u00bbstretch_row_content_no_spaces\u00bb parallax=\u00bbcontent-moving-fade\u00bb el_class=\u00bbcontainer-fluid\u00bb css=\u00bb.vc_custom_1524797399747{background-color: #9c151b !important;}\u00bb][vc_column][vc_column_text] M\u00e1quinas Centrifugas [\/vc_column_text][\/vc_column][\/vc_row][vc_row css=\u00bb.vc_custom_1484324087650{margin-top: 20px !important;}\u00bb][vc_column][vc_column_text] Maquina centr\u00edfuga para procesos de terminaci\u00f3n [\/vc_column_text][\/vc_column][\/vc_row][vc_row css=\u00bb.vc_custom_1484324087650{margin-top: 20px !important;}\u00bb][vc_column width=\u00bb1\/4&#8243;][\/vc_column][vc_column width=\u00bb1\/4&#8243;][vc_single_image image=\u00bb895&#8243; img_size=\u00bbfull\u00bb alignment=\u00bbcenter\u00bb][vc_btn title=\u00bbVer producto\u00bb color=\u00bbinfo\u00bb align=\u00bbcenter\u00bb link=\u00bburl:https%3A%2F%2Fwww.imatexco.com%2Fproductos%2Fmaquinas-centrifugas%2Fmaquina-centrifuga-para-procesos-de-terminacion%2F|||\u00bb][\/vc_column][vc_column width=\u00bb1\/4&#8243;][vc_column_text] Serie: LDG50 Modelos: LDG50A\/ LDG120\/ LDG230 Marca: IMATEXCO [\/vc_column_text][vc_column_text] MATERIALES APLICABLES: Tela, Cuero, Papel, Madera, Bamb\u00fa, Plexigl\u00e1s, Vidrio, Acero inoxidable, Acero [&hellip;]<\/p>\n","protected":false},"author":1,"featured_media":0,"parent":605,"menu_order":0,"comment_status":"closed","ping_status":"closed","template":"","meta":{"footnotes":""},"class_list":["post-894","page","type-page","status-publish","hentry"],"yoast_head":"<!-- This site is optimized with the Yoast SEO plugin v24.9 - https:\/\/yoast.com\/wordpress\/plugins\/seo\/ -->\n<title>M\u00e1quinas Centrifugas - Imatexco<\/title>\n<meta name=\"robots\" content=\"index, follow, max-snippet:-1, max-image-preview:large, max-video-preview:-1\" \/>\n<link rel=\"canonical\" href=\"https:\/\/www.imatexco.com\/vieja\/productos\/maquinas-centrifugas\/\" \/>\n<meta property=\"og:locale\" content=\"es_ES\" \/>\n<meta property=\"og:type\" content=\"article\" \/>\n<meta property=\"og:title\" content=\"M\u00e1quinas Centrifugas - Imatexco\" \/>\n<meta property=\"og:description\" content=\"[vc_row full_width=\u00bbstretch_row_content_no_spaces\u00bb parallax=\u00bbcontent-moving-fade\u00bb el_class=\u00bbcontainer-fluid\u00bb css=\u00bb.vc_custom_1524797399747{background-color: #9c151b !important;}\u00bb][vc_column][vc_column_text] M\u00e1quinas Centrifugas [\/vc_column_text][\/vc_column][\/vc_row][vc_row css=\u00bb.vc_custom_1484324087650{margin-top: 20px !important;}\u00bb][vc_column][vc_column_text] Maquina centr\u00edfuga para procesos de terminaci\u00f3n [\/vc_column_text][\/vc_column][\/vc_row][vc_row css=\u00bb.vc_custom_1484324087650{margin-top: 20px !important;}\u00bb][vc_column width=\u00bb1\/4&#8243;][\/vc_column][vc_column width=\u00bb1\/4&#8243;][vc_single_image image=\u00bb895&#8243; img_size=\u00bbfull\u00bb alignment=\u00bbcenter\u00bb][vc_btn title=\u00bbVer producto\u00bb color=\u00bbinfo\u00bb align=\u00bbcenter\u00bb link=\u00bburl:https%3A%2F%2Fwww.imatexco.com%2Fproductos%2Fmaquinas-centrifugas%2Fmaquina-centrifuga-para-procesos-de-terminacion%2F|||\u00bb][\/vc_column][vc_column width=\u00bb1\/4&#8243;][vc_column_text] Serie: LDG50 Modelos: LDG50A\/ LDG120\/ LDG230 Marca: IMATEXCO [\/vc_column_text][vc_column_text] MATERIALES APLICABLES: Tela, Cuero, Papel, Madera, Bamb\u00fa, Plexigl\u00e1s, Vidrio, Acero inoxidable, Acero [&hellip;]\" \/>\n<meta property=\"og:url\" content=\"https:\/\/www.imatexco.com\/vieja\/productos\/maquinas-centrifugas\/\" \/>\n<meta property=\"og:site_name\" content=\"Imatexco\" \/>\n<meta property=\"article:modified_time\" content=\"2018-05-11T19:11:51+00:00\" \/>\n<meta name=\"twitter:card\" content=\"summary_large_image\" \/>\n<meta name=\"twitter:label1\" content=\"Tiempo de lectura\" \/>\n\t<meta name=\"twitter:data1\" content=\"2 minutos\" \/>\n<script type=\"application\/ld+json\" class=\"yoast-schema-graph\">{\"@context\":\"https:\/\/schema.org\",\"@graph\":[{\"@type\":\"WebPage\",\"@id\":\"https:\/\/www.imatexco.com\/vieja\/productos\/maquinas-centrifugas\/\",\"url\":\"https:\/\/www.imatexco.com\/vieja\/productos\/maquinas-centrifugas\/\",\"name\":\"M\u00e1quinas Centrifugas - Imatexco\",\"isPartOf\":{\"@id\":\"https:\/\/www.imatexco.com\/vieja\/#website\"},\"datePublished\":\"2018-04-27T17:50:45+00:00\",\"dateModified\":\"2018-05-11T19:11:51+00:00\",\"breadcrumb\":{\"@id\":\"https:\/\/www.imatexco.com\/vieja\/productos\/maquinas-centrifugas\/#breadcrumb\"},\"inLanguage\":\"es\",\"potentialAction\":[{\"@type\":\"ReadAction\",\"target\":[\"https:\/\/www.imatexco.com\/vieja\/productos\/maquinas-centrifugas\/\"]}]},{\"@type\":\"BreadcrumbList\",\"@id\":\"https:\/\/www.imatexco.com\/vieja\/productos\/maquinas-centrifugas\/#breadcrumb\",\"itemListElement\":[{\"@type\":\"ListItem\",\"position\":1,\"name\":\"Portada\",\"item\":\"https:\/\/www.imatexco.com\/vieja\/\"},{\"@type\":\"ListItem\",\"position\":2,\"name\":\"Productos\",\"item\":\"https:\/\/www.imatexco.com\/vieja\/productos\/\"},{\"@type\":\"ListItem\",\"position\":3,\"name\":\"M\u00e1quinas Centrifugas\"}]},{\"@type\":\"WebSite\",\"@id\":\"https:\/\/www.imatexco.com\/vieja\/#website\",\"url\":\"https:\/\/www.imatexco.com\/vieja\/\",\"name\":\"Imatexco\",\"description\":\"Imatexco\",\"potentialAction\":[{\"@type\":\"SearchAction\",\"target\":{\"@type\":\"EntryPoint\",\"urlTemplate\":\"https:\/\/www.imatexco.com\/vieja\/?s={search_term_string}\"},\"query-input\":{\"@type\":\"PropertyValueSpecification\",\"valueRequired\":true,\"valueName\":\"search_term_string\"}}],\"inLanguage\":\"es\"}]}<\/script>\n<!-- \/ Yoast SEO plugin. -->","yoast_head_json":{"title":"M\u00e1quinas Centrifugas - Imatexco","robots":{"index":"index","follow":"follow","max-snippet":"max-snippet:-1","max-image-preview":"max-image-preview:large","max-video-preview":"max-video-preview:-1"},"canonical":"https:\/\/www.imatexco.com\/vieja\/productos\/maquinas-centrifugas\/","og_locale":"es_ES","og_type":"article","og_title":"M\u00e1quinas Centrifugas - Imatexco","og_description":"[vc_row full_width=\u00bbstretch_row_content_no_spaces\u00bb parallax=\u00bbcontent-moving-fade\u00bb el_class=\u00bbcontainer-fluid\u00bb css=\u00bb.vc_custom_1524797399747{background-color: #9c151b !important;}\u00bb][vc_column][vc_column_text] M\u00e1quinas Centrifugas [\/vc_column_text][\/vc_column][\/vc_row][vc_row css=\u00bb.vc_custom_1484324087650{margin-top: 20px !important;}\u00bb][vc_column][vc_column_text] Maquina centr\u00edfuga para procesos de terminaci\u00f3n [\/vc_column_text][\/vc_column][\/vc_row][vc_row css=\u00bb.vc_custom_1484324087650{margin-top: 20px !important;}\u00bb][vc_column width=\u00bb1\/4&#8243;][\/vc_column][vc_column width=\u00bb1\/4&#8243;][vc_single_image image=\u00bb895&#8243; img_size=\u00bbfull\u00bb alignment=\u00bbcenter\u00bb][vc_btn title=\u00bbVer producto\u00bb color=\u00bbinfo\u00bb align=\u00bbcenter\u00bb link=\u00bburl:https%3A%2F%2Fwww.imatexco.com%2Fproductos%2Fmaquinas-centrifugas%2Fmaquina-centrifuga-para-procesos-de-terminacion%2F|||\u00bb][\/vc_column][vc_column width=\u00bb1\/4&#8243;][vc_column_text] Serie: LDG50 Modelos: LDG50A\/ LDG120\/ LDG230 Marca: IMATEXCO [\/vc_column_text][vc_column_text] MATERIALES APLICABLES: Tela, Cuero, Papel, Madera, Bamb\u00fa, Plexigl\u00e1s, Vidrio, Acero inoxidable, Acero [&hellip;]","og_url":"https:\/\/www.imatexco.com\/vieja\/productos\/maquinas-centrifugas\/","og_site_name":"Imatexco","article_modified_time":"2018-05-11T19:11:51+00:00","twitter_card":"summary_large_image","twitter_misc":{"Tiempo de lectura":"2 minutos"},"schema":{"@context":"https:\/\/schema.org","@graph":[{"@type":"WebPage","@id":"https:\/\/www.imatexco.com\/vieja\/productos\/maquinas-centrifugas\/","url":"https:\/\/www.imatexco.com\/vieja\/productos\/maquinas-centrifugas\/","name":"M\u00e1quinas Centrifugas - Imatexco","isPartOf":{"@id":"https:\/\/www.imatexco.com\/vieja\/#website"},"datePublished":"2018-04-27T17:50:45+00:00","dateModified":"2018-05-11T19:11:51+00:00","breadcrumb":{"@id":"https:\/\/www.imatexco.com\/vieja\/productos\/maquinas-centrifugas\/#breadcrumb"},"inLanguage":"es","potentialAction":[{"@type":"ReadAction","target":["https:\/\/www.imatexco.com\/vieja\/productos\/maquinas-centrifugas\/"]}]},{"@type":"BreadcrumbList","@id":"https:\/\/www.imatexco.com\/vieja\/productos\/maquinas-centrifugas\/#breadcrumb","itemListElement":[{"@type":"ListItem","position":1,"name":"Portada","item":"https:\/\/www.imatexco.com\/vieja\/"},{"@type":"ListItem","position":2,"name":"Productos","item":"https:\/\/www.imatexco.com\/vieja\/productos\/"},{"@type":"ListItem","position":3,"name":"M\u00e1quinas Centrifugas"}]},{"@type":"WebSite","@id":"https:\/\/www.imatexco.com\/vieja\/#website","url":"https:\/\/www.imatexco.com\/vieja\/","name":"Imatexco","description":"Imatexco","potentialAction":[{"@type":"SearchAction","target":{"@type":"EntryPoint","urlTemplate":"https:\/\/www.imatexco.com\/vieja\/?s={search_term_string}"},"query-input":{"@type":"PropertyValueSpecification","valueRequired":true,"valueName":"search_term_string"}}],"inLanguage":"es"}]}},"_links":{"self":[{"href":"https:\/\/www.imatexco.com\/vieja\/wp-json\/wp\/v2\/pages\/894","targetHints":{"allow":["GET"]}}],"collection":[{"href":"https:\/\/www.imatexco.com\/vieja\/wp-json\/wp\/v2\/pages"}],"about":[{"href":"https:\/\/www.imatexco.com\/vieja\/wp-json\/wp\/v2\/types\/page"}],"author":[{"embeddable":true,"href":"https:\/\/www.imatexco.com\/vieja\/wp-json\/wp\/v2\/users\/1"}],"replies":[{"embeddable":true,"href":"https:\/\/www.imatexco.com\/vieja\/wp-json\/wp\/v2\/comments?post=894"}],"version-history":[{"count":0,"href":"https:\/\/www.imatexco.com\/vieja\/wp-json\/wp\/v2\/pages\/894\/revisions"}],"up":[{"embeddable":true,"href":"https:\/\/www.imatexco.com\/vieja\/wp-json\/wp\/v2\/pages\/605"}],"wp:attachment":[{"href":"https:\/\/www.imatexco.com\/vieja\/wp-json\/wp\/v2\/media?parent=894"}],"curies":[{"name":"wp","href":"https:\/\/api.w.org\/{rel}","templated":true}]}}