{"id":15,"date":"2017-01-12T14:02:08","date_gmt":"2017-01-12T14:02:08","guid":{"rendered":"http:\/\/www.globopublicidad.com.co\/web\/?page_id=15"},"modified":"2018-04-26T03:49:53","modified_gmt":"2018-04-26T03:49:53","slug":"nosotros","status":"publish","type":"page","link":"https:\/\/www.imatexco.com\/vieja\/nosotros\/","title":{"rendered":"Nosotros"},"content":{"rendered":"<p>[vc_row full_width=\u00bbstretch_row_content_no_spaces\u00bb css=\u00bb.vc_custom_1524714581802{background-color: #9c151b !important;}\u00bb][vc_column][vc_column_text]<\/p>\n<div style=\"background-color: #fff; padding: 20px;\">\n<p style=\"text-align: center;\"><span style=\"font-size: 28pt;\"><em><span style=\"color: #b64c4f; font-family: 'Source Sans Pro', sans-serif; font-weight: bold;\">QUIENES SOMOS<\/span><\/em><\/span><\/p>\n<div class=\" top\" style=\"background: #4a4f55; height: 2px; width: 200px; margin: auto;\"><\/div>\n<\/div>\n<p>[\/vc_column_text][\/vc_column][\/vc_row][vc_row css=\u00bb.vc_custom_1484324087650{margin-top: 20px !important;}\u00bb][vc_column width=\u00bb1\/6&#8243;][\/vc_column][vc_column width=\u00bb2\/3&#8243;][vc_column_text]<\/p>\n<p style=\"font-family: 'Source Sans Pro'; font-size: 18px; text-align: center;\"><em><b style=\"font-family: 'Source Sans Pro'; font-size: 18px;\">Empresa especializada en la importaci\u00f3n y comercializaci\u00f3n de maquinaria e insumos, especialmente en los sectores textil-confecci\u00f3n, publicidad, empaque y <\/b><span style=\"font-family: 'Source Sans Pro';\"><span style=\"font-size: 18px;\"><b>metal mec\u00e1nico<\/b><\/span><\/span><b style=\"font-family: 'Source Sans Pro'; font-size: 18px;\">.<\/b><\/em><\/p>\n<p style=\"font-family: 'Source Sans Pro'; font-size: 18px; text-align: center;\"><em>\u00a0Prestamos el servicio de importaci\u00f3n, ofreciendo asesor\u00eda, investigaci\u00f3n de los productos a importar, soporte y garant\u00eda.<br \/>\nBrindamos un acompa\u00f1amiento post-venta con nuestro excelente servicio t\u00e9cnico, mantenimientos y venta de repuestos.<\/em><\/p>\n<p>[\/vc_column_text][\/vc_column][vc_column width=\u00bb1\/6&#8243;][\/vc_column][\/vc_row][vc_row disable_element=\u00bbyes\u00bb][vc_column width=\u00bb1\/2&#8243;][vc_column_text]<\/p>\n<p style=\"font-family: 'Source Sans Pro'; text-align: center;\"><span style=\"font-family: 'Source Sans Pro', Sans-serif; font-weight: 900; font-size: 18pt; color: #2b5f79;\"><br \/>\n<em>MISI\u00d3N<\/em><br \/>\n<\/span><\/p>\n<p>[\/vc_column_text][vc_column_text]<\/p>\n<p style=\"font-family: 'Source Sans Pro'; text-align: justify; font-size: 18px;\"><em>Empresa especializada en la importaci\u00f3n y comercializaci\u00f3n de maquinaria e insumos, especialmente en los sectores textil-confecci\u00f3n, publicidad, empaque y metalmec\u00e1nico.<br \/>\nPrestamos el servicio de importaci\u00f3n, ofreciendo asesor\u00eda, investigaci\u00f3n de los productos a importar, soporte y garant\u00eda.<br \/>\nBrindamos un acompa\u00f1amiento post-venta con nuestro excelente servicio t\u00e9cnico, mantenimientos y venta de repuestos.<\/em><\/p>\n<p>[\/vc_column_text][\/vc_column][vc_column width=\u00bb1\/2&#8243;][vc_column_text]<\/p>\n<p style=\"font-family: 'Source Sans Pro'; text-align: center;\"><span style=\"font-family: 'Source Sans Pro', Sans-serif; font-weight: 900; font-size: 18pt; color: #2b5f79;\"><br \/>\n<em>VISI\u00d3N<\/em><br \/>\n<\/span><\/p>\n<p>[\/vc_column_text][vc_column_text]<\/p>\n<p style=\"font-family: 'Source Sans Pro'; text-align: justify; font-size: 18px;\"><em>Empresa especializada en la importaci\u00f3n y comercializaci\u00f3n de maquinaria e insumos, especialmente en los sectores textil-confecci\u00f3n, publicidad, empaque y metalmec\u00e1nico.<br \/>\nPrestamos el servicio de importaci\u00f3n, ofreciendo asesor\u00eda, investigaci\u00f3n de los productos a importar, soporte y garant\u00eda.<br \/>\nBrindamos un acompa\u00f1amiento post-venta con nuestro excelente servicio t\u00e9cnico, mantenimientos y venta de repuestos.<\/em><\/p>\n<p>[\/vc_column_text][\/vc_column][\/vc_row]<\/p>\n","protected":false},"excerpt":{"rendered":"<p>[vc_row full_width=\u00bbstretch_row_content_no_spaces\u00bb css=\u00bb.vc_custom_1524714581802{background-color: #9c151b !important;}\u00bb][vc_column][vc_column_text] QUIENES SOMOS [\/vc_column_text][\/vc_column][\/vc_row][vc_row css=\u00bb.vc_custom_1484324087650{margin-top: 20px !important;}\u00bb][vc_column width=\u00bb1\/6&#8243;][\/vc_column][vc_column width=\u00bb2\/3&#8243;][vc_column_text] Empresa especializada en la importaci\u00f3n y comercializaci\u00f3n de maquinaria e insumos, especialmente en los sectores textil-confecci\u00f3n, publicidad, empaque y metal mec\u00e1nico. \u00a0Prestamos el servicio de importaci\u00f3n, ofreciendo asesor\u00eda, investigaci\u00f3n de los productos a importar, soporte y garant\u00eda. Brindamos un acompa\u00f1amiento post-venta con [&hellip;]<\/p>\n","protected":false},"author":1,"featured_media":0,"parent":0,"menu_order":0,"comment_status":"closed","ping_status":"closed","template":"","meta":{"footnotes":""},"class_list":["post-15","page","type-page","status-publish","hentry"],"yoast_head":"<!-- This site is optimized with the Yoast SEO plugin v24.9 - https:\/\/yoast.com\/wordpress\/plugins\/seo\/ -->\n<title>Nosotros - Imatexco<\/title>\n<meta name=\"robots\" content=\"index, follow, max-snippet:-1, max-image-preview:large, max-video-preview:-1\" \/>\n<link rel=\"canonical\" href=\"https:\/\/www.imatexco.com\/vieja\/nosotros\/\" \/>\n<meta property=\"og:locale\" content=\"es_ES\" \/>\n<meta property=\"og:type\" content=\"article\" \/>\n<meta property=\"og:title\" content=\"Nosotros - Imatexco\" \/>\n<meta property=\"og:description\" content=\"[vc_row full_width=\u00bbstretch_row_content_no_spaces\u00bb css=\u00bb.vc_custom_1524714581802{background-color: #9c151b !important;}\u00bb][vc_column][vc_column_text] QUIENES SOMOS [\/vc_column_text][\/vc_column][\/vc_row][vc_row css=\u00bb.vc_custom_1484324087650{margin-top: 20px !important;}\u00bb][vc_column width=\u00bb1\/6&#8243;][\/vc_column][vc_column width=\u00bb2\/3&#8243;][vc_column_text] Empresa especializada en la importaci\u00f3n y comercializaci\u00f3n de maquinaria e insumos, especialmente en los sectores textil-confecci\u00f3n, publicidad, empaque y metal mec\u00e1nico. \u00a0Prestamos el servicio de importaci\u00f3n, ofreciendo asesor\u00eda, investigaci\u00f3n de los productos a importar, soporte y garant\u00eda. Brindamos un acompa\u00f1amiento post-venta con [&hellip;]\" \/>\n<meta property=\"og:url\" content=\"https:\/\/www.imatexco.com\/vieja\/nosotros\/\" \/>\n<meta property=\"og:site_name\" content=\"Imatexco\" \/>\n<meta property=\"article:modified_time\" content=\"2018-04-26T03:49:53+00:00\" \/>\n<meta name=\"twitter:card\" content=\"summary_large_image\" \/>\n<meta name=\"twitter:label1\" content=\"Tiempo de lectura\" \/>\n\t<meta name=\"twitter:data1\" content=\"1 minuto\" \/>\n<script type=\"application\/ld+json\" class=\"yoast-schema-graph\">{\"@context\":\"https:\/\/schema.org\",\"@graph\":[{\"@type\":\"WebPage\",\"@id\":\"https:\/\/www.imatexco.com\/vieja\/nosotros\/\",\"url\":\"https:\/\/www.imatexco.com\/vieja\/nosotros\/\",\"name\":\"Nosotros - Imatexco\",\"isPartOf\":{\"@id\":\"https:\/\/www.imatexco.com\/vieja\/#website\"},\"datePublished\":\"2017-01-12T14:02:08+00:00\",\"dateModified\":\"2018-04-26T03:49:53+00:00\",\"breadcrumb\":{\"@id\":\"https:\/\/www.imatexco.com\/vieja\/nosotros\/#breadcrumb\"},\"inLanguage\":\"es\",\"potentialAction\":[{\"@type\":\"ReadAction\",\"target\":[\"https:\/\/www.imatexco.com\/vieja\/nosotros\/\"]}]},{\"@type\":\"BreadcrumbList\",\"@id\":\"https:\/\/www.imatexco.com\/vieja\/nosotros\/#breadcrumb\",\"itemListElement\":[{\"@type\":\"ListItem\",\"position\":1,\"name\":\"Portada\",\"item\":\"https:\/\/www.imatexco.com\/vieja\/\"},{\"@type\":\"ListItem\",\"position\":2,\"name\":\"Nosotros\"}]},{\"@type\":\"WebSite\",\"@id\":\"https:\/\/www.imatexco.com\/vieja\/#website\",\"url\":\"https:\/\/www.imatexco.com\/vieja\/\",\"name\":\"Imatexco\",\"description\":\"Imatexco\",\"potentialAction\":[{\"@type\":\"SearchAction\",\"target\":{\"@type\":\"EntryPoint\",\"urlTemplate\":\"https:\/\/www.imatexco.com\/vieja\/?s={search_term_string}\"},\"query-input\":{\"@type\":\"PropertyValueSpecification\",\"valueRequired\":true,\"valueName\":\"search_term_string\"}}],\"inLanguage\":\"es\"}]}<\/script>\n<!-- \/ Yoast SEO plugin. -->","yoast_head_json":{"title":"Nosotros - Imatexco","robots":{"index":"index","follow":"follow","max-snippet":"max-snippet:-1","max-image-preview":"max-image-preview:large","max-video-preview":"max-video-preview:-1"},"canonical":"https:\/\/www.imatexco.com\/vieja\/nosotros\/","og_locale":"es_ES","og_type":"article","og_title":"Nosotros - Imatexco","og_description":"[vc_row full_width=\u00bbstretch_row_content_no_spaces\u00bb css=\u00bb.vc_custom_1524714581802{background-color: #9c151b !important;}\u00bb][vc_column][vc_column_text] QUIENES SOMOS [\/vc_column_text][\/vc_column][\/vc_row][vc_row css=\u00bb.vc_custom_1484324087650{margin-top: 20px !important;}\u00bb][vc_column width=\u00bb1\/6&#8243;][\/vc_column][vc_column width=\u00bb2\/3&#8243;][vc_column_text] Empresa especializada en la importaci\u00f3n y comercializaci\u00f3n de maquinaria e insumos, especialmente en los sectores textil-confecci\u00f3n, publicidad, empaque y metal mec\u00e1nico. \u00a0Prestamos el servicio de importaci\u00f3n, ofreciendo asesor\u00eda, investigaci\u00f3n de los productos a importar, soporte y garant\u00eda. Brindamos un acompa\u00f1amiento post-venta con [&hellip;]","og_url":"https:\/\/www.imatexco.com\/vieja\/nosotros\/","og_site_name":"Imatexco","article_modified_time":"2018-04-26T03:49:53+00:00","twitter_card":"summary_large_image","twitter_misc":{"Tiempo de lectura":"1 minuto"},"schema":{"@context":"https:\/\/schema.org","@graph":[{"@type":"WebPage","@id":"https:\/\/www.imatexco.com\/vieja\/nosotros\/","url":"https:\/\/www.imatexco.com\/vieja\/nosotros\/","name":"Nosotros - Imatexco","isPartOf":{"@id":"https:\/\/www.imatexco.com\/vieja\/#website"},"datePublished":"2017-01-12T14:02:08+00:00","dateModified":"2018-04-26T03:49:53+00:00","breadcrumb":{"@id":"https:\/\/www.imatexco.com\/vieja\/nosotros\/#breadcrumb"},"inLanguage":"es","potentialAction":[{"@type":"ReadAction","target":["https:\/\/www.imatexco.com\/vieja\/nosotros\/"]}]},{"@type":"BreadcrumbList","@id":"https:\/\/www.imatexco.com\/vieja\/nosotros\/#breadcrumb","itemListElement":[{"@type":"ListItem","position":1,"name":"Portada","item":"https:\/\/www.imatexco.com\/vieja\/"},{"@type":"ListItem","position":2,"name":"Nosotros"}]},{"@type":"WebSite","@id":"https:\/\/www.imatexco.com\/vieja\/#website","url":"https:\/\/www.imatexco.com\/vieja\/","name":"Imatexco","description":"Imatexco","potentialAction":[{"@type":"SearchAction","target":{"@type":"EntryPoint","urlTemplate":"https:\/\/www.imatexco.com\/vieja\/?s={search_term_string}"},"query-input":{"@type":"PropertyValueSpecification","valueRequired":true,"valueName":"search_term_string"}}],"inLanguage":"es"}]}},"_links":{"self":[{"href":"https:\/\/www.imatexco.com\/vieja\/wp-json\/wp\/v2\/pages\/15","targetHints":{"allow":["GET"]}}],"collection":[{"href":"https:\/\/www.imatexco.com\/vieja\/wp-json\/wp\/v2\/pages"}],"about":[{"href":"https:\/\/www.imatexco.com\/vieja\/wp-json\/wp\/v2\/types\/page"}],"author":[{"embeddable":true,"href":"https:\/\/www.imatexco.com\/vieja\/wp-json\/wp\/v2\/users\/1"}],"replies":[{"embeddable":true,"href":"https:\/\/www.imatexco.com\/vieja\/wp-json\/wp\/v2\/comments?post=15"}],"version-history":[{"count":0,"href":"https:\/\/www.imatexco.com\/vieja\/wp-json\/wp\/v2\/pages\/15\/revisions"}],"wp:attachment":[{"href":"https:\/\/www.imatexco.com\/vieja\/wp-json\/wp\/v2\/media?parent=15"}],"curies":[{"name":"wp","href":"https:\/\/api.w.org\/{rel}","templated":true}]}}