{"id":10,"date":"2017-01-10T13:45:53","date_gmt":"2017-01-10T13:45:53","guid":{"rendered":"http:\/\/www.globopublicidad.com.co\/web\/?page_id=10"},"modified":"2023-08-17T11:13:49","modified_gmt":"2023-08-17T16:13:49","slug":"inicio","status":"publish","type":"page","link":"https:\/\/www.imatexco.com\/vieja\/","title":{"rendered":"Inicio"},"content":{"rendered":"<p>[vc_row full_width=\u00bbstretch_row_content_no_spaces\u00bb][vc_column][rev_slider_vc alias=\u00bbinicio\u00bb][\/vc_column][\/vc_row][vc_row el_class=\u00bbcontainer-fluid\u00bb css=\u00bb.vc_custom_1692286780317{margin-top: 5% !important;}\u00bb][vc_column][vc_column_text el_class=\u00bbcontainer-fluid\u00bb]<\/p>\n<div style=\"background-color: #fff; padding: 20px;\">\n<p style=\"text-align: center;\"><span style=\"font-size: 28pt;\"><em><span style=\"color: #b64c4f; font-family: 'Source Sans Pro', sans-serif; font-weight: bold;\">QUIENES SOMOS<\/span><\/em><\/span><\/p>\n<div class=\" top\" style=\"background: #4a4f55; height: 2px; width: 200px; margin: auto;\"><\/div>\n<\/div>\n<p>[\/vc_column_text][\/vc_column][\/vc_row][vc_row][vc_column width=\u00bb1\/6&#8243;][\/vc_column][vc_column width=\u00bb2\/3&#8243;][vc_column_text]<\/p>\n<p style=\"font-family: 'Source Sans Pro'; font-size: 18px; text-align: center;\"><em><b style=\"font-family: 'Source Sans Pro'; font-size: 18px;\">Empresa especializada en la importaci\u00f3n y comercializaci\u00f3n de maquinaria e insumos, especialmente en los sectores textil-confecci\u00f3n, publicidad, empaque y <\/b><span style=\"font-family: 'Source Sans Pro';\"><span style=\"font-size: 18px;\"><b>metal mec\u00e1nico<\/b><\/span><\/span><b style=\"font-family: 'Source Sans Pro'; font-size: 18px;\">.<\/b><\/em><\/p>\n<p style=\"font-family: 'Source Sans Pro'; font-size: 18px; text-align: center;\"><em>\u00a0Prestamos el servicio de importaci\u00f3n, ofreciendo asesor\u00eda, investigaci\u00f3n de los productos a importar, soporte y garant\u00eda.<br \/>\nBrindamos un acompa\u00f1amiento post-venta con nuestro excelente servicio t\u00e9cnico, mantenimientos y venta de repuestos.<\/em><\/p>\n<p>[\/vc_column_text][\/vc_column][vc_column width=\u00bb1\/6&#8243;][\/vc_column][\/vc_row][vc_row css=\u00bb.vc_custom_1692288824302{padding-top: 40px !important;}\u00bb][vc_column][vc_column_text el_class=\u00bbcontainer-fluid\u00bb]<\/p>\n<div style=\"background-color: #fff; padding: 20px;\">\n<p style=\"text-align: center;\"><span style=\"font-size: 28pt;\"><em><span style=\"color: #b64c4f; font-family: 'Source Sans Pro', sans-serif; font-weight: bold;\">PRODUCTOS<\/span><\/em><\/span><\/p>\n<div class=\" top\" style=\"background: #4a4f55; height: 2px; width: 200px; margin: auto;\"><\/div>\n<\/div>\n<p>[\/vc_column_text][vc_row_inner css=\u00bb.vc_custom_1692285988590{padding-top: 25px !important;padding-bottom: 10px !important;}\u00bb][vc_column_inner width=\u00bb1\/4&#8243; css=\u00bb.vc_custom_1565022693929{padding-right: 15px !important;padding-left: 15px !important;}\u00bb][vc_raw_html]JTNDZGl2JTIwY2xhc3MlM0QlMjJzdC1idG4tc2VydmljZXMlMjIlMjBzdHlsZSUzRCUyMmJhY2tncm91bmQtaW1hZ2UlM0ElMjB1cmwlMjglMjdodHRwcyUzQSUyRiUyRnd3dy5pbWF0ZXhjby5jb20lMkZ3cC1jb250ZW50JTJGdXBsb2FkcyUyRjIwMjMlMkYwOCUyRk1hcXVpbmFzLUJvcmRhZG9yYXMuanBnJTI3JTI5JTNCJTIyJTNFJTBBJTIwJTIwJTIwJTIwJTNDYSUyMGhyZWYlM0QlMjIlMkZwcm9kdWN0b3MlMkZtYXF1aW5hcy1ib3JkYWRvcmElMkYlMjIlM0VMaW5rJTNDJTJGYSUzRSUwQSUyMCUyMCUyMCUyMCUzQ3AlMjBjbGFzcyUzRCUyMnRpdGxlJTIyJTNFTWFxdWluYXMlMjBCb3JkYWRvcmFzJTNDJTJGcCUzRSUwQSUyMCUyMCUyMCUyMCUzQ3AlMjBjbGFzcyUzRCUyMmRlc2NyaXB0aW9uJTIyJTNFVmVyJTIwbSVDMyVBMXMlM0MlMkZwJTNFJTBBJTNDJTJGZGl2JTNF[\/vc_raw_html][\/vc_column_inner][vc_column_inner width=\u00bb1\/4&#8243; css=\u00bb.vc_custom_1565022700747{padding-right: 15px !important;padding-left: 15px !important;}\u00bb][vc_raw_html]JTNDZGl2JTIwY2xhc3MlM0QlMjJzdC1idG4tc2VydmljZXMlMjIlMjBzdHlsZSUzRCUyMmJhY2tncm91bmQtaW1hZ2UlM0ElMjB1cmwlMjglMjdodHRwcyUzQSUyRiUyRnd3dy5pbWF0ZXhjby5jb20lMkZ3cC1jb250ZW50JTJGdXBsb2FkcyUyRjIwMjMlMkYwOCUyRkVtYm9iaW5hZG9yYS5qcGclMjclMjklM0IlMjIlM0UlMEElMjAlMjAlMjAlMjAlM0NhJTIwaHJlZiUzRCUyMiUyRnByb2R1Y3RvcyUyRmVtYm9iaW5hZG9yYS1hdXRvbWF0aWNhJTJGJTIyJTNFTGluayUzQyUyRmElM0UlMEElMjAlMjAlMjAlMjAlM0NwJTIwY2xhc3MlM0QlMjJ0aXRsZSUyMiUzRUVuYm9iaW5hZG9yYSUyMEF1dG9tJUMzJUExdGljYSUwQSUzQyUyRnAlM0UlMEElMjAlMjAlMjAlMjAlM0NwJTIwY2xhc3MlM0QlMjJkZXNjcmlwdGlvbiUyMiUzRVZlciUyMG0lQzMlQTFzJTNDJTJGcCUzRSUwQSUzQyUyRmRpdiUzRQ==[\/vc_raw_html][\/vc_column_inner][vc_column_inner width=\u00bb1\/4&#8243; css=\u00bb.vc_custom_1565022708201{padding-right: 15px !important;padding-left: 15px !important;}\u00bb][vc_raw_html]JTNDZGl2JTIwY2xhc3MlM0QlMjJzdC1idG4tc2VydmljZXMlMjIlMjBzdHlsZSUzRCUyMmJhY2tncm91bmQtaW1hZ2UlM0ElMjB1cmwlMjglMjdodHRwcyUzQSUyRiUyRnd3dy5pbWF0ZXhjby5jb20lMkZ3cC1jb250ZW50JTJGdXBsb2FkcyUyRjIwMjMlMkYwOCUyRk1hcXVpbmEuanBnJTI3JTI5JTNCJTIyJTNFJTBBJTIwJTIwJTIwJTIwJTNDYSUyMGhyZWYlM0QlMjIlMkZwcm9kdWN0b3MlMkZwdW50ZWFkb3Jhcy1wYXJhLWNvcmRvbmVzJTJGJTIyJTIwdGFyZ2V0JTNEJTIyX2JsYW5rJTIyJTNFTGluayUzQyUyRmElM0UlMEElMjAlMjAlMjAlMjAlM0NwJTIwY2xhc3MlM0QlMjJ0aXRsZSUyMiUzRVB1bnRlYWRvcmElMjBBdXRvbSVDMyVBMXRpY2ElM0MlMkZwJTNFJTBBJTIwJTIwJTIwJTIwJTNDcCUyMGNsYXNzJTNEJTIyZGVzY3JpcHRpb24lMjIlM0VWZXIlMjBtJUMzJUExcyUzQyUyRnAlM0UlMEElM0MlMkZkaXYlM0U=[\/vc_raw_html][\/vc_column_inner][vc_column_inner width=\u00bb1\/4&#8243; css=\u00bb.vc_custom_1565022717722{padding-right: 15px !important;padding-left: 15px !important;}\u00bb][vc_raw_html]JTNDZGl2JTIwY2xhc3MlM0QlMjJzdC1idG4tc2VydmljZXMlMjIlMjBzdHlsZSUzRCUyMmJhY2tncm91bmQtaW1hZ2UlM0ElMjB1cmwlMjglMjdodHRwcyUzQSUyRiUyRnd3dy5pbWF0ZXhjby5jb20lMkZ3cC1jb250ZW50JTJGdXBsb2FkcyUyRjIwMjMlMkYwOCUyRm1hcXVpbmEtc3UuanBnJTI3JTI5JTNCJTIyJTNFJTBBJTIwJTIwJTIwJTIwJTNDYSUyMGhyZWYlM0QlMjIlMkZwcm9kdWN0b3MlMkZtYXF1aW5hcy1zdWJsaW1hZG9yYSUyRiUyMiUyMHRhcmdldCUzRCUyMl9ibGFuayUyMiUzRUxpbmslM0MlMkZhJTNFJTBBJTIwJTIwJTIwJTIwJTNDcCUyMGNsYXNzJTNEJTIydGl0bGUlMjIlM0VNJUMzJUExcXVpbmFzJTIwU3VibGltYWRvcmElM0MlMkZwJTNFJTBBJTIwJTIwJTIwJTIwJTNDcCUyMGNsYXNzJTNEJTIyZGVzY3JpcHRpb24lMjIlM0VWZXIlMjBtJUMzJUExcyUzQyUyRnAlM0UlMEElM0MlMkZkaXYlM0U=[\/vc_raw_html][\/vc_column_inner][\/vc_row_inner][vc_row_inner css=\u00bb.vc_custom_1692285920054{padding-top: 20px !important;}\u00bb][vc_column_inner width=\u00bb1\/4&#8243; css=\u00bb.vc_custom_1565022693929{padding-right: 15px !important;padding-left: 15px !important;}\u00bb][vc_raw_html]JTNDZGl2JTIwY2xhc3MlM0QlMjJzdC1idG4tc2VydmljZXMlMjIlMjBzdHlsZSUzRCUyMmJhY2tncm91bmQtaW1hZ2UlM0ElMjB1cmwlMjglMjdodHRwcyUzQSUyRiUyRnd3dy5pbWF0ZXhjby5jb20lMkZ3cC1jb250ZW50JTJGdXBsb2FkcyUyRjIwMjMlMkYwOCUyRm1hY2hpbmUtMjEyLTIuanBnJTI3JTI5JTNCJTIyJTNFJTBBJTIwJTIwJTIwJTIwJTNDYSUyMGhyZWYlM0QlMjIlMkZwcm9kdWN0b3MlMkZtYXF1aW5hcy1mcmFtaXMtMiUyRiUyMiUzRUxpbmslM0MlMkZhJTNFJTBBJTIwJTIwJTIwJTIwJTNDcCUyMGNsYXNzJTNEJTIydGl0bGUlMjIlM0VNJUMzJUExcXVpbmFzJTIwRnJhbWlzJTNDJTJGcCUzRSUwQSUyMCUyMCUyMCUyMCUzQ3AlMjBjbGFzcyUzRCUyMmRlc2NyaXB0aW9uJTIyJTNFVmVyJTIwbSVDMyVBMXMlM0MlMkZwJTNFJTBBJTNDJTJGZGl2JTNF[\/vc_raw_html][\/vc_column_inner][vc_column_inner width=\u00bb1\/4&#8243; css=\u00bb.vc_custom_1565022700747{padding-right: 15px !important;padding-left: 15px !important;}\u00bb][vc_raw_html]JTNDZGl2JTIwY2xhc3MlM0QlMjJzdC1idG4tc2VydmljZXMlMjIlMjBzdHlsZSUzRCUyMmJhY2tncm91bmQtaW1hZ2UlM0ElMjB1cmwlMjglMjdodHRwcyUzQSUyRiUyRnd3dy5pbWF0ZXhjby5jb20lMkZ3cC1jb250ZW50JTJGdXBsb2FkcyUyRjIwMjMlMkYwOCUyRkNOQy5qcGclMjclMjklM0IlMjIlM0UlMEElMjAlMjAlMjAlMjAlM0NhJTIwaHJlZiUzRCUyMiUyRnByb2R1Y3RvcyUyRm1hcXVpbmFzLWNuYyUyRiUyMiUzRUxpbmslM0MlMkZhJTNFJTBBJTIwJTIwJTIwJTIwJTNDcCUyMGNsYXNzJTNEJTIydGl0bGUlMjIlM0VNJUMzJUExcXVpbmFzJTIwQ05DJTBBJTNDJTJGcCUzRSUwQSUyMCUyMCUyMCUyMCUzQ3AlMjBjbGFzcyUzRCUyMmRlc2NyaXB0aW9uJTIyJTNFVmVyJTIwbSVDMyVBMXMlM0MlMkZwJTNFJTBBJTNDJTJGZGl2JTNF[\/vc_raw_html][\/vc_column_inner][vc_column_inner width=\u00bb1\/4&#8243; css=\u00bb.vc_custom_1565022708201{padding-right: 15px !important;padding-left: 15px !important;}\u00bb][vc_raw_html]JTNDZGl2JTIwY2xhc3MlM0QlMjJzdC1idG4tc2VydmljZXMlMjIlMjBzdHlsZSUzRCUyMmJhY2tncm91bmQtaW1hZ2UlM0ElMjB1cmwlMjglMjdodHRwcyUzQSUyRiUyRnd3dy5pbWF0ZXhjby5jb20lMkZ3cC1jb250ZW50JTJGdXBsb2FkcyUyRjIwMjMlMkYwOCUyRk0lQzMlQTFxdWluYXMtQ2VudHJpZnVnYXMuanBnJTI3JTI5JTNCJTIyJTNFJTBBJTIwJTIwJTIwJTIwJTNDYSUyMGhyZWYlM0QlMjIlMkZwcm9kdWN0b3MlMkZtYXF1aW5hcy1jZW50cmlmdWdhcyUyRiUyMiUyMHRhcmdldCUzRCUyMl9ibGFuayUyMiUzRUxpbmslM0MlMkZhJTNFJTBBJTIwJTIwJTIwJTIwJTNDcCUyMGNsYXNzJTNEJTIydGl0bGUlMjIlM0VNJUMzJUExcXVpbmFzJTIwQ2VudHJpZnVnYXMlM0MlMkZwJTNFJTBBJTIwJTIwJTIwJTIwJTNDcCUyMGNsYXNzJTNEJTIyZGVzY3JpcHRpb24lMjIlM0VWZXIlMjBtJUMzJUExcyUzQyUyRnAlM0UlMEElM0MlMkZkaXYlM0U=[\/vc_raw_html][\/vc_column_inner][vc_column_inner width=\u00bb1\/4&#8243; css=\u00bb.vc_custom_1565022717722{padding-right: 15px !important;padding-left: 15px !important;}\u00bb][vc_raw_html]JTNDZGl2JTIwY2xhc3MlM0QlMjJzdC1idG4tc2VydmljZXMlMjIlMjBzdHlsZSUzRCUyMmJhY2tncm91bmQtaW1hZ2UlM0ElMjB1cmwlMjglMjdodHRwcyUzQSUyRiUyRnd3dy5pbWF0ZXhjby5jb20lMkZ3cC1jb250ZW50JTJGdXBsb2FkcyUyRjIwMjMlMkYwOCUyRk1hcXVpbmFzLXp1bmNoYWRvcmFzLXNlbWlhdXRvbSVDMyVBMXRpY2EucG5nJTI3JTI5JTNCJTIyJTNFJTBBJTIwJTIwJTIwJTIwJTNDYSUyMGhyZWYlM0QlMjIlMkZwcm9kdWN0b3MlMkZtYXF1aW5hcy16dW5jaGFkb3JhcyUyRiUyMiUyMHRhcmdldCUzRCUyMl9ibGFuayUyMiUzRUxpbmslM0MlMkZhJTNFJTBBJTIwJTIwJTIwJTIwJTNDcCUyMGNsYXNzJTNEJTIydGl0bGUlMjIlM0VNJUMzJUExcXVpbmFzJTIwWnVuY2hhZG9yYXMlM0MlMkZwJTNFJTBBJTIwJTIwJTIwJTIwJTNDcCUyMGNsYXNzJTNEJTIyZGVzY3JpcHRpb24lMjIlM0VWZXIlMjBtJUMzJUExcyUzQyUyRnAlM0UlMEElM0MlMkZkaXYlM0U=[\/vc_raw_html][\/vc_column_inner][\/vc_row_inner][\/vc_column][\/vc_row][vc_row full_width=\u00bbstretch_row_content_no_spaces\u00bb disable_element=\u00bbyes\u00bb el_class=\u00bbcontainer-fluid\u00bb css=\u00bb.vc_custom_1692288794770{padding-top: 2% !important;padding-bottom: 4% !important;background-image: url(https:\/\/www.imatexco.com\/wp-content\/uploads\/2018\/07\/iMATEXCO-1.jpg?id=1301) !important;}\u00bb][vc_column][vc_column_text el_class=\u00bbcontainer-fluid\u00bb]<\/p>\n<div style=\"padding: 20px;\">\n<p style=\"text-align: center;\"><span style=\"font-size: 28pt;\"><em><span style=\"color: #b64c4f; font-family: 'Source Sans Pro', sans-serif; font-weight: bold;\">SERVICIOS<\/span><\/em><\/span><\/p>\n<div class=\" top\" style=\"background: #4a4f55; height: 2px; width: 200px; margin: auto;\"><\/div>\n<\/div>\n<p>[\/vc_column_text][vc_column_text el_class=\u00bbcontainer-fluid\u00bb css=\u00bb.vc_custom_1531411690983{padding-right: 5% !important;padding-left: 5% !important;}\u00bb][ess_grid alias=\u00bbservicios\u00bb][\/vc_column_text][\/vc_column][\/vc_row]<\/p>\n","protected":false},"excerpt":{"rendered":"<p>[vc_row full_width=\u00bbstretch_row_content_no_spaces\u00bb][vc_column][rev_slider_vc alias=\u00bbinicio\u00bb][\/vc_column][\/vc_row][vc_row el_class=\u00bbcontainer-fluid\u00bb css=\u00bb.vc_custom_1692286780317{margin-top: 5% !important;}\u00bb][vc_column][vc_column_text el_class=\u00bbcontainer-fluid\u00bb] QUIENES SOMOS [\/vc_column_text][\/vc_column][\/vc_row][vc_row][vc_column width=\u00bb1\/6&#8243;][\/vc_column][vc_column width=\u00bb2\/3&#8243;][vc_column_text] Empresa especializada en la importaci\u00f3n y comercializaci\u00f3n de maquinaria e insumos, especialmente en los sectores textil-confecci\u00f3n, publicidad, empaque y metal mec\u00e1nico. \u00a0Prestamos el servicio de importaci\u00f3n, ofreciendo asesor\u00eda, investigaci\u00f3n de los productos a importar, soporte y garant\u00eda. Brindamos un acompa\u00f1amiento post-venta con [&hellip;]<\/p>\n","protected":false},"author":1,"featured_media":0,"parent":0,"menu_order":0,"comment_status":"closed","ping_status":"closed","template":"","meta":{"footnotes":""},"class_list":["post-10","page","type-page","status-publish","hentry"],"yoast_head":"<!-- This site is optimized with the Yoast SEO plugin v24.9 - https:\/\/yoast.com\/wordpress\/plugins\/seo\/ -->\n<title>Inicio - Imatexco<\/title>\n<meta name=\"robots\" content=\"index, follow, max-snippet:-1, max-image-preview:large, max-video-preview:-1\" \/>\n<link rel=\"canonical\" href=\"https:\/\/www.imatexco.com\/vieja\/\" \/>\n<meta property=\"og:locale\" content=\"es_ES\" \/>\n<meta property=\"og:type\" content=\"article\" \/>\n<meta property=\"og:title\" content=\"Inicio - Imatexco\" \/>\n<meta property=\"og:description\" content=\"[vc_row full_width=\u00bbstretch_row_content_no_spaces\u00bb][vc_column][rev_slider_vc alias=\u00bbinicio\u00bb][\/vc_column][\/vc_row][vc_row el_class=\u00bbcontainer-fluid\u00bb css=\u00bb.vc_custom_1692286780317{margin-top: 5% !important;}\u00bb][vc_column][vc_column_text el_class=\u00bbcontainer-fluid\u00bb] QUIENES SOMOS [\/vc_column_text][\/vc_column][\/vc_row][vc_row][vc_column width=\u00bb1\/6&#8243;][\/vc_column][vc_column width=\u00bb2\/3&#8243;][vc_column_text] Empresa especializada en la importaci\u00f3n y comercializaci\u00f3n de maquinaria e insumos, especialmente en los sectores textil-confecci\u00f3n, publicidad, empaque y metal mec\u00e1nico. \u00a0Prestamos el servicio de importaci\u00f3n, ofreciendo asesor\u00eda, investigaci\u00f3n de los productos a importar, soporte y garant\u00eda. Brindamos un acompa\u00f1amiento post-venta con [&hellip;]\" \/>\n<meta property=\"og:url\" content=\"https:\/\/www.imatexco.com\/vieja\/\" \/>\n<meta property=\"og:site_name\" content=\"Imatexco\" \/>\n<meta property=\"article:modified_time\" content=\"2023-08-17T16:13:49+00:00\" \/>\n<meta name=\"twitter:card\" content=\"summary_large_image\" \/>\n<meta name=\"twitter:label1\" content=\"Tiempo de lectura\" \/>\n\t<meta name=\"twitter:data1\" content=\"4 minutos\" \/>\n<script type=\"application\/ld+json\" class=\"yoast-schema-graph\">{\"@context\":\"https:\/\/schema.org\",\"@graph\":[{\"@type\":\"WebPage\",\"@id\":\"https:\/\/www.imatexco.com\/vieja\/\",\"url\":\"https:\/\/www.imatexco.com\/vieja\/\",\"name\":\"Inicio - Imatexco\",\"isPartOf\":{\"@id\":\"https:\/\/www.imatexco.com\/vieja\/#website\"},\"datePublished\":\"2017-01-10T13:45:53+00:00\",\"dateModified\":\"2023-08-17T16:13:49+00:00\",\"breadcrumb\":{\"@id\":\"https:\/\/www.imatexco.com\/vieja\/#breadcrumb\"},\"inLanguage\":\"es\",\"potentialAction\":[{\"@type\":\"ReadAction\",\"target\":[\"https:\/\/www.imatexco.com\/vieja\/\"]}]},{\"@type\":\"BreadcrumbList\",\"@id\":\"https:\/\/www.imatexco.com\/vieja\/#breadcrumb\",\"itemListElement\":[{\"@type\":\"ListItem\",\"position\":1,\"name\":\"Portada\",\"item\":\"https:\/\/www.imatexco.com\/vieja\/\"},{\"@type\":\"ListItem\",\"position\":2,\"name\":\"Inicio\"}]},{\"@type\":\"WebSite\",\"@id\":\"https:\/\/www.imatexco.com\/vieja\/#website\",\"url\":\"https:\/\/www.imatexco.com\/vieja\/\",\"name\":\"Imatexco\",\"description\":\"Imatexco\",\"potentialAction\":[{\"@type\":\"SearchAction\",\"target\":{\"@type\":\"EntryPoint\",\"urlTemplate\":\"https:\/\/www.imatexco.com\/vieja\/?s={search_term_string}\"},\"query-input\":{\"@type\":\"PropertyValueSpecification\",\"valueRequired\":true,\"valueName\":\"search_term_string\"}}],\"inLanguage\":\"es\"}]}<\/script>\n<!-- \/ Yoast SEO plugin. -->","yoast_head_json":{"title":"Inicio - Imatexco","robots":{"index":"index","follow":"follow","max-snippet":"max-snippet:-1","max-image-preview":"max-image-preview:large","max-video-preview":"max-video-preview:-1"},"canonical":"https:\/\/www.imatexco.com\/vieja\/","og_locale":"es_ES","og_type":"article","og_title":"Inicio - Imatexco","og_description":"[vc_row full_width=\u00bbstretch_row_content_no_spaces\u00bb][vc_column][rev_slider_vc alias=\u00bbinicio\u00bb][\/vc_column][\/vc_row][vc_row el_class=\u00bbcontainer-fluid\u00bb css=\u00bb.vc_custom_1692286780317{margin-top: 5% !important;}\u00bb][vc_column][vc_column_text el_class=\u00bbcontainer-fluid\u00bb] QUIENES SOMOS [\/vc_column_text][\/vc_column][\/vc_row][vc_row][vc_column width=\u00bb1\/6&#8243;][\/vc_column][vc_column width=\u00bb2\/3&#8243;][vc_column_text] Empresa especializada en la importaci\u00f3n y comercializaci\u00f3n de maquinaria e insumos, especialmente en los sectores textil-confecci\u00f3n, publicidad, empaque y metal mec\u00e1nico. \u00a0Prestamos el servicio de importaci\u00f3n, ofreciendo asesor\u00eda, investigaci\u00f3n de los productos a importar, soporte y garant\u00eda. Brindamos un acompa\u00f1amiento post-venta con [&hellip;]","og_url":"https:\/\/www.imatexco.com\/vieja\/","og_site_name":"Imatexco","article_modified_time":"2023-08-17T16:13:49+00:00","twitter_card":"summary_large_image","twitter_misc":{"Tiempo de lectura":"4 minutos"},"schema":{"@context":"https:\/\/schema.org","@graph":[{"@type":"WebPage","@id":"https:\/\/www.imatexco.com\/vieja\/","url":"https:\/\/www.imatexco.com\/vieja\/","name":"Inicio - Imatexco","isPartOf":{"@id":"https:\/\/www.imatexco.com\/vieja\/#website"},"datePublished":"2017-01-10T13:45:53+00:00","dateModified":"2023-08-17T16:13:49+00:00","breadcrumb":{"@id":"https:\/\/www.imatexco.com\/vieja\/#breadcrumb"},"inLanguage":"es","potentialAction":[{"@type":"ReadAction","target":["https:\/\/www.imatexco.com\/vieja\/"]}]},{"@type":"BreadcrumbList","@id":"https:\/\/www.imatexco.com\/vieja\/#breadcrumb","itemListElement":[{"@type":"ListItem","position":1,"name":"Portada","item":"https:\/\/www.imatexco.com\/vieja\/"},{"@type":"ListItem","position":2,"name":"Inicio"}]},{"@type":"WebSite","@id":"https:\/\/www.imatexco.com\/vieja\/#website","url":"https:\/\/www.imatexco.com\/vieja\/","name":"Imatexco","description":"Imatexco","potentialAction":[{"@type":"SearchAction","target":{"@type":"EntryPoint","urlTemplate":"https:\/\/www.imatexco.com\/vieja\/?s={search_term_string}"},"query-input":{"@type":"PropertyValueSpecification","valueRequired":true,"valueName":"search_term_string"}}],"inLanguage":"es"}]}},"_links":{"self":[{"href":"https:\/\/www.imatexco.com\/vieja\/wp-json\/wp\/v2\/pages\/10","targetHints":{"allow":["GET"]}}],"collection":[{"href":"https:\/\/www.imatexco.com\/vieja\/wp-json\/wp\/v2\/pages"}],"about":[{"href":"https:\/\/www.imatexco.com\/vieja\/wp-json\/wp\/v2\/types\/page"}],"author":[{"embeddable":true,"href":"https:\/\/www.imatexco.com\/vieja\/wp-json\/wp\/v2\/users\/1"}],"replies":[{"embeddable":true,"href":"https:\/\/www.imatexco.com\/vieja\/wp-json\/wp\/v2\/comments?post=10"}],"version-history":[{"count":0,"href":"https:\/\/www.imatexco.com\/vieja\/wp-json\/wp\/v2\/pages\/10\/revisions"}],"wp:attachment":[{"href":"https:\/\/www.imatexco.com\/vieja\/wp-json\/wp\/v2\/media?parent=10"}],"curies":[{"name":"wp","href":"https:\/\/api.w.org\/{rel}","templated":true}]}}